{"id":1208,"date":"2025-11-04T17:10:48","date_gmt":"2025-11-04T16:10:48","guid":{"rendered":"https:\/\/chambres-hotes-juvignac.fr\/?page_id=1208"},"modified":"2025-11-04T18:38:05","modified_gmt":"2025-11-04T17:38:05","slug":"presentation","status":"publish","type":"page","link":"https:\/\/chambres-hotes-juvignac.fr\/","title":{"rendered":"Pr\u00e9sentation"},"content":{"rendered":"\n<p>La chambre d&rsquo; h\u00f4tes chez l&rsquo;habitant, pour 2 personnes est situ\u00e9e \u00e0 Juvignac .<br>Dans un quartier calme et r\u00e9sidentiel, tout proche des vignes et les plages sont 30 mn .<\/p>\n\n\n\n<p>Il est tr\u00e8s facile de se garer gratuitement dans les rues \u00e0 proximit\u00e9, un parking ferm\u00e9 est aussi disponible moyennant 5\u20ac par 24h.<\/p>\n\n\n\n<p>Jouxtant la ville de Montpellier avec un  acc\u00e8s facile par le tram, la station la plus proche \u00ab\u00a0Mosson\u00a0\u00bb se trouve \u00e0 10 mn \u00e0 pied. <br>Il faudra compter 30 mn environ en voiture jusqu&rsquo;\u00e0 la place de la Com\u00e9die.<br>Le TGV dessert la ville de Montpellier via la gare Saint rock intra muros \u00e0 30 mn par le Tram ou bien la gare  Montpellier Sud de France excentr\u00e9e \u00e0 50 mn par le tram.<\/p>\n\n\n\n<p>Acc\u00e8s facile via l&rsquo;autoroute A75 ou A709.<\/p>\n\n\n\n<p>L&rsquo;h\u00e9bergement se situe \u00e0 l&rsquo;\u00e9tage enti\u00e8rement r\u00e9serv\u00e9 aux h\u00f4tes, avec salle de bain et toilettes privatives.<\/p>\n\n\n\n<p>Il peut \u00e9galement \u00eatre mis \u00e0 disposition une chambre compl\u00e9mentaire avec 1 lit  pour 2 personnes.<\/p>\n\n\n\n<p>Restant \u00e0 votre disposition pour tous renseignements compl\u00e9mentaires.<\/p>\n","protected":false},"excerpt":{"rendered":"<p>La chambre d&rsquo; h\u00f4tes chez l&rsquo;habitant, pour 2 personnes est situ\u00e9e \u00e0 Juvignac .Dans un quartier calme et r\u00e9sidentiel, tout proche des vignes et les plages sont 30 mn . Il est tr\u00e8s facile de se garer gratuitement dans les rues \u00e0 proximit\u00e9, un parking ferm\u00e9 est aussi disponible moyennant 5\u20ac par 24h. Jouxtant la [&hellip;]<\/p>\n","protected":false},"author":1,"featured_media":0,"parent":0,"menu_order":0,"comment_status":"closed","ping_status":"closed","template":"","meta":{"footnotes":""},"class_list":["post-1208","page","type-page","status-publish","hentry"],"_links":{"self":[{"href":"https:\/\/chambres-hotes-juvignac.fr\/index.php?rest_route=\/wp\/v2\/pages\/1208","targetHints":{"allow":["GET"]}}],"collection":[{"href":"https:\/\/chambres-hotes-juvignac.fr\/index.php?rest_route=\/wp\/v2\/pages"}],"about":[{"href":"https:\/\/chambres-hotes-juvignac.fr\/index.php?rest_route=\/wp\/v2\/types\/page"}],"author":[{"embeddable":true,"href":"https:\/\/chambres-hotes-juvignac.fr\/index.php?rest_route=\/wp\/v2\/users\/1"}],"replies":[{"embeddable":true,"href":"https:\/\/chambres-hotes-juvignac.fr\/index.php?rest_route=%2Fwp%2Fv2%2Fcomments&post=1208"}],"version-history":[{"count":6,"href":"https:\/\/chambres-hotes-juvignac.fr\/index.php?rest_route=\/wp\/v2\/pages\/1208\/revisions"}],"predecessor-version":[{"id":1220,"href":"https:\/\/chambres-hotes-juvignac.fr\/index.php?rest_route=\/wp\/v2\/pages\/1208\/revisions\/1220"}],"wp:attachment":[{"href":"https:\/\/chambres-hotes-juvignac.fr\/index.php?rest_route=%2Fwp%2Fv2%2Fmedia&parent=1208"}],"curies":[{"name":"wp","href":"https:\/\/api.w.org\/{rel}","templated":true}]}}