{"id":15,"date":"2015-10-03T13:36:00","date_gmt":"2015-10-03T12:36:00","guid":{"rendered":"http:\/\/chambres-hotes-juvignac.fr\/?page_id=15"},"modified":"2026-02-27T11:08:33","modified_gmt":"2026-02-27T10:08:33","slug":"tarifs","status":"publish","type":"page","link":"https:\/\/chambres-hotes-juvignac.fr\/?page_id=15","title":{"rendered":"Tarifs."},"content":{"rendered":"\n<p class=\"has-background\" style=\"background-color:#f6f392\">Prix par nuit et par chambre pour 2 personnes, petits d\u00e9jeuners\u00a0 inclus.<br>&#8211; <strong>Basse saison du 1er avril 2026 au 30 juin 2026:<br>Chambres 60\u20ac<\/strong><br>&#8211; <strong>Basse saison du 1er septembre 2026 au 30 juin 2027:<br>La chambre 60\u20ac<\/strong><br><br>R\u00e9servation pour une personne prendre contact par t\u00e9l\u00e9phone <br>au +33 6 81 14 45 58<\/p>\n\n\n\n<p class=\"has-background\" style=\"background-color:#f7f148\"><strong>Haute saison du 1er juillet 2026 au 31 ao\u00fbt 2026:<\/strong><br>Chambre principale climatis\u00e9e 70\u20ac<br>Chambre compl\u00e9mentaire avec ventilateur 70\u20ac<\/p>\n\n\n\n<p>La taxe de s\u00e9jour sera per\u00e7ue en suppl\u00e9ment, 1.15\u20ac<br> par personne et par jour .<br><\/p>\n\n\n\n<p class=\"has-background\" style=\"background-color:#c9fa89\">Parking gratuit et facile devant la porte.<br>Parking ferm\u00e9 : suppl\u00e9ment 5\u20ac par 24h<\/p>\n\n\n\n<p class=\"has-background\" style=\"background-color:#f2cbf2\">Conditions de paiement<br><br>&#8211; Le versement d&rsquo;un acompte de 30% ET paiement du solde <br>8 jours avant la date d\u2019arriv\u00e9e valident la r\u00e9servation.<br>En cas d\u2019 annulation moins de 8 jours avant la date d&rsquo;arriv\u00e9e, l\u2019acompte de 30% ne sera pas rembours\u00e9.<br><br>&#8211; Il est aussi possible de r\u00e9server au dernier moment.<br>Dans ce cas le r\u00e8glement int\u00e9gral du montant de la location sera effectu\u00e9 \u00e0 l&rsquo;arriv\u00e9e.<br><br>Paiement en esp\u00e8ces ou par virement bancaire ou par ch\u00e8que .<\/p>\n\n\n\n<p class=\"has-background\" style=\"background-color:#d663c9\">Vous pouvez \u00e9galement effectuer un acompte par t\u00e9l\u00e9phone en utilisant <strong>Wero +33681144558 <em>Mme Chambon Martine<\/em><\/strong><br>Disponible dans la plupart des applications bancaires.<\/p>\n\n\n\n<p class=\"has-accent-background-color has-background\">IBAN&nbsp;: FR76 3000 3034 8000 0503 7123 023<br>BIC&nbsp;: SOGEFRPP<br>Soci\u00e9t\u00e9 G\u00e9n\u00e9rale Juvignac<\/p>\n\n\n\n<p class=\"has-text-align-center\"><a href=\"https:\/\/chambres-hotes-juvignac.fr\/?page_id=12\" target=\"_blank\" rel=\"noreferrer noopener\">R\u00e9servation <\/a><\/p>\n\n\n\n<p class=\"has-text-align-center\"><\/p>\n\n\n\n<figure class=\"wp-block-image size-large\"><a href=\"https:\/\/chambres-hotes-juvignac.fr\/wp-content\/uploads\/2023\/09\/TARIFS-TAXE-DE-SEJOUR-2024.jpg\"><img loading=\"lazy\" decoding=\"async\" width=\"724\" height=\"1024\" src=\"https:\/\/chambres-hotes-juvignac.fr\/wp-content\/uploads\/2023\/09\/TARIFS-TAXE-DE-SEJOUR-2024-724x1024.jpg\" alt=\"\" class=\"wp-image-1144\" srcset=\"https:\/\/chambres-hotes-juvignac.fr\/wp-content\/uploads\/2023\/09\/TARIFS-TAXE-DE-SEJOUR-2024-724x1024.jpg 724w, https:\/\/chambres-hotes-juvignac.fr\/wp-content\/uploads\/2023\/09\/TARIFS-TAXE-DE-SEJOUR-2024-212x300.jpg 212w, https:\/\/chambres-hotes-juvignac.fr\/wp-content\/uploads\/2023\/09\/TARIFS-TAXE-DE-SEJOUR-2024-768x1087.jpg 768w, https:\/\/chambres-hotes-juvignac.fr\/wp-content\/uploads\/2023\/09\/TARIFS-TAXE-DE-SEJOUR-2024.jpg 826w\" sizes=\"auto, (max-width: 724px) 100vw, 724px\" \/><\/a><\/figure>\n","protected":false},"excerpt":{"rendered":"<p>Prix par nuit et par chambre pour 2 personnes, petits d\u00e9jeuners\u00a0 inclus.&#8211; Basse saison du 1er avril 2026 au 30 juin 2026:Chambres 60\u20ac&#8211; Basse saison du 1er septembre 2026 au 30 juin 2027:La chambre 60\u20ac R\u00e9servation pour une personne prendre contact par t\u00e9l\u00e9phone au +33 6 81 14 45 58 Haute saison du 1er juillet [&hellip;]<\/p>\n","protected":false},"author":1,"featured_media":0,"parent":0,"menu_order":4,"comment_status":"closed","ping_status":"closed","template":"","meta":{"footnotes":""},"class_list":["post-15","page","type-page","status-publish","hentry"],"_links":{"self":[{"href":"https:\/\/chambres-hotes-juvignac.fr\/index.php?rest_route=\/wp\/v2\/pages\/15","targetHints":{"allow":["GET"]}}],"collection":[{"href":"https:\/\/chambres-hotes-juvignac.fr\/index.php?rest_route=\/wp\/v2\/pages"}],"about":[{"href":"https:\/\/chambres-hotes-juvignac.fr\/index.php?rest_route=\/wp\/v2\/types\/page"}],"author":[{"embeddable":true,"href":"https:\/\/chambres-hotes-juvignac.fr\/index.php?rest_route=\/wp\/v2\/users\/1"}],"replies":[{"embeddable":true,"href":"https:\/\/chambres-hotes-juvignac.fr\/index.php?rest_route=%2Fwp%2Fv2%2Fcomments&post=15"}],"version-history":[{"count":79,"href":"https:\/\/chambres-hotes-juvignac.fr\/index.php?rest_route=\/wp\/v2\/pages\/15\/revisions"}],"predecessor-version":[{"id":1260,"href":"https:\/\/chambres-hotes-juvignac.fr\/index.php?rest_route=\/wp\/v2\/pages\/15\/revisions\/1260"}],"wp:attachment":[{"href":"https:\/\/chambres-hotes-juvignac.fr\/index.php?rest_route=%2Fwp%2Fv2%2Fmedia&parent=15"}],"curies":[{"name":"wp","href":"https:\/\/api.w.org\/{rel}","templated":true}]}}